{"id":8,"date":"2015-07-02T06:10:51","date_gmt":"2015-07-02T06:10:51","guid":{"rendered":"http:\/\/tecnopol.net\/?page_id=8"},"modified":"2015-09-14T15:52:34","modified_gmt":"2015-09-14T15:52:34","slug":"about-us","status":"publish","type":"page","link":"https:\/\/tecnopol.net\/fr\/about-us\/","title":{"rendered":"ENTREPRISE"},"content":{"rendered":"<p>Nous sommes une \u00e9quipe unie et dynamique compos\u00e9e d\u2019ing\u00e9nieurs et de techniciens dot\u00e9s d\u2019une longue exp\u00e9rience terrain acquise sur sites industriels et navals en Afrique et en Europe.<\/br><\/br><br \/>\nDepuis 2010, ann\u00e9e de cr\u00e9ation de TECNOPOL, nous avons contribu\u00e9 au succ\u00e8s de nos clients, en assurant pour leur compte la r\u00e9alisation de projets significatifs notamment\u00a0:<\/p>","protected":false},"excerpt":{"rendered":"<p>Nous sommes une \u00e9quipe unie et dynamique compos\u00e9e d\u2019ing\u00e9nieurs et de techniciens dot\u00e9s d\u2019une longue exp\u00e9rience terrain acquise sur sites industriels et navals en Afrique et en Europe. Depuis 2010, ann\u00e9e de cr\u00e9ation de TECNOPOL, nous avons contribu\u00e9 au succ\u00e8s de nos clients, en assurant pour leur compte la r\u00e9alisation de projets significatifs notamment\u00a0:<\/p>\n","protected":false},"author":1,"featured_media":0,"parent":0,"menu_order":0,"comment_status":"open","ping_status":"open","template":"page-templates\/about.php","meta":{"footnotes":""},"class_list":["post-8","page","type-page","status-publish","hentry"],"_links":{"self":[{"href":"https:\/\/tecnopol.net\/fr\/wp-json\/wp\/v2\/pages\/8","targetHints":{"allow":["GET"]}}],"collection":[{"href":"https:\/\/tecnopol.net\/fr\/wp-json\/wp\/v2\/pages"}],"about":[{"href":"https:\/\/tecnopol.net\/fr\/wp-json\/wp\/v2\/types\/page"}],"author":[{"embeddable":true,"href":"https:\/\/tecnopol.net\/fr\/wp-json\/wp\/v2\/users\/1"}],"replies":[{"embeddable":true,"href":"https:\/\/tecnopol.net\/fr\/wp-json\/wp\/v2\/comments?post=8"}],"version-history":[{"count":9,"href":"https:\/\/tecnopol.net\/fr\/wp-json\/wp\/v2\/pages\/8\/revisions"}],"predecessor-version":[{"id":202,"href":"https:\/\/tecnopol.net\/fr\/wp-json\/wp\/v2\/pages\/8\/revisions\/202"}],"wp:attachment":[{"href":"https:\/\/tecnopol.net\/fr\/wp-json\/wp\/v2\/media?parent=8"}],"curies":[{"name":"wp","href":"https:\/\/api.w.org\/{rel}","templated":true}]}}