{"id":43,"date":"2015-07-10T07:57:25","date_gmt":"2015-07-10T07:57:25","guid":{"rendered":"http:\/\/tecnopol.net\/?page_id=43"},"modified":"2015-07-14T07:47:21","modified_gmt":"2015-07-14T07:47:21","slug":"port_1","status":"publish","type":"page","link":"https:\/\/tecnopol.net\/fr\/about-us\/port_1\/","title":{"rendered":"R\u00e9vision des groupes \u00e9lectrog\u00e8nes des centrales \u00e9lectriques ASECNA (Libreville, Dakar, Ouagadougou, Bangui, etc..)"},"content":{"rendered":"<p><\/p>\n<div class=\"project-post photography\">\n<div class=\"img-icon\">\n <img decoding=\"async\" src=\"http:\/\/tecnopol.net\/wp-content\/uploads\/2015\/07\/P8082179.jpg\" class=\"img-responsive\" alt=\"\"><\/p>\n<div class=\"img-icon-overlay\">\n<p>\n<a href=\"http:\/\/tecnopol.net\/wp-content\/uploads\/2015\/07\/P8082179.jpg\" class=\"show-image\"  target=\"_blank\"><i class=\"fa fa-search\"><\/i><\/a><br \/>\n<a href=\"#\"><i class=\"fa fa-sliders\"><\/i><\/a>\n<\/p>\n<\/div>\n<\/div>\n<p> <!--img-icon-->\n<\/div>\n<p><!--project post--><\/p>\n<div class=\"project-post photography\">\n<div class=\"img-icon\">\n<img decoding=\"async\" src=\"http:\/\/tecnopol.net\/wp-content\/uploads\/2015\/07\/P8082181.jpg\" class=\"img-responsive\" alt=\"\"><\/p>\n<div class=\"img-icon-overlay\">\n<p>\n<a href=\"http:\/\/tecnopol.net\/wp-content\/uploads\/2015\/07\/P8082181.jpg\" class=\"show-image\"><i class=\"fa fa-search\"><\/i><\/a><br \/>\n<a href=\"#\"><i class=\"fa fa-sliders\"><\/i><\/a>\n<\/p>\n<\/div>\n<\/div>\n<p> <!--img-icon-->\n<\/div>\n<p><!--project post--><\/p>\n<div class=\"project-post photography\">\n<div class=\"img-icon\">\n<img decoding=\"async\" src=\"http:\/\/tecnopol.net\/wp-content\/uploads\/2015\/07\/WP_0012591.jpg\" class=\"img-responsive\" alt=\"\"><\/p>\n<div class=\"img-icon-overlay\">\n<p>\n<a href=\"http:\/\/tecnopol.net\/wp-content\/uploads\/2015\/07\/WP_0012591.jpg\" class=\"show-image\"><i class=\"fa fa-search\"><\/i><\/a><br \/>\n<a href=\"#\"><i class=\"fa fa-sliders\"><\/i><\/a>\n<\/p>\n<\/div>\n<\/div>\n<p> <!--img-icon-->\n<\/div>\n<p><!--project post--><br \/>\n<\/p>","protected":false},"excerpt":{"rendered":"","protected":false},"author":1,"featured_media":44,"parent":8,"menu_order":0,"comment_status":"open","ping_status":"open","template":"","meta":{"footnotes":""},"class_list":["post-43","page","type-page","status-publish","has-post-thumbnail","hentry"],"_links":{"self":[{"href":"https:\/\/tecnopol.net\/fr\/wp-json\/wp\/v2\/pages\/43","targetHints":{"allow":["GET"]}}],"collection":[{"href":"https:\/\/tecnopol.net\/fr\/wp-json\/wp\/v2\/pages"}],"about":[{"href":"https:\/\/tecnopol.net\/fr\/wp-json\/wp\/v2\/types\/page"}],"author":[{"embeddable":true,"href":"https:\/\/tecnopol.net\/fr\/wp-json\/wp\/v2\/users\/1"}],"replies":[{"embeddable":true,"href":"https:\/\/tecnopol.net\/fr\/wp-json\/wp\/v2\/comments?post=43"}],"version-history":[{"count":6,"href":"https:\/\/tecnopol.net\/fr\/wp-json\/wp\/v2\/pages\/43\/revisions"}],"predecessor-version":[{"id":167,"href":"https:\/\/tecnopol.net\/fr\/wp-json\/wp\/v2\/pages\/43\/revisions\/167"}],"up":[{"embeddable":true,"href":"https:\/\/tecnopol.net\/fr\/wp-json\/wp\/v2\/pages\/8"}],"wp:featuredmedia":[{"embeddable":true,"href":"https:\/\/tecnopol.net\/fr\/wp-json\/wp\/v2\/media\/44"}],"wp:attachment":[{"href":"https:\/\/tecnopol.net\/fr\/wp-json\/wp\/v2\/media?parent=43"}],"curies":[{"name":"wp","href":"https:\/\/api.w.org\/{rel}","templated":true}]}}