{"id":12,"date":"2015-07-02T06:11:44","date_gmt":"2015-07-02T06:11:44","guid":{"rendered":"http:\/\/tecnopol.net\/?page_id=12"},"modified":"2015-09-14T09:37:07","modified_gmt":"2015-09-14T09:37:07","slug":"services","status":"publish","type":"page","link":"https:\/\/tecnopol.net\/fr\/services\/","title":{"rendered":"Services"},"content":{"rendered":"<p><\/p>\n<div class=\"col-md-4  col-xs-12 service-4-meta servicex-box\">\n<p><img decoding=\"async\" class=\"img-responsive wow animated fadeInLeft animated\" style=\"visibility: visible; animation-name: fadeInLeft; -webkit-animation-name: fadeInLeft;\" src=\"http:\/\/tecnopol.net\/wp-content\/uploads\/2015\/07\/winter-newsletter-2.jpg\" alt=\"mockup\" \/><\/p>\n<div class=\"divide20\"><\/div>\n<h3>CONTRATS DE MAINTENANCE<\/h3>\n<p>&nbsp;<\/p>\n<p>Pour la fiabilisation de votre alimentation en \u00e9nergie \u00e9lectrique, nous vous proposons un suivi rapproch\u00e9 et personnalis\u00e9 de vos groupes \u00e9lectrog\u00e8nes selon les recommandations de leurs constructeurs consolid\u00e9es par notre exp\u00e9rience du terrain. B\u00e9n\u00e9ficiez de notre service d\u2019astreinte disponible h24 7j\/7.<\/p>\n<div class=\"divide20\"><\/div>\n<\/div>\n<div class=\"col-md-4  col-xs-12 service-4-meta servicex-box\"><img decoding=\"async\" class=\"img-responsive wow animated fadeInLeft animated\" style=\"visibility: visible; animation-name: fadeInLeft; -webkit-animation-name: fadeInLeft;\" src=\"http:\/\/tecnopol.net\/wp-content\/uploads\/2015\/07\/IMG_0317.jpg\" alt=\"mockup\" \/><\/p>\n<div class=\"divide20\"><\/div>\n<h3>DEPANNAGE<\/h3>\n<p>&nbsp;<\/p>\n<div class=\"divide20\"><\/div>\n<p>Notre service d\u00e9pannage traitera toutes vos demandes d\u2019intervention avec la plus grande c\u00e9l\u00e9rit\u00e9.<\/p>\n<p>Nos techniciens sont form\u00e9s et \u00e9quip\u00e9s des outils n\u00e9cessaires aux diagnostiques des moteurs de nouvelle g\u00e9n\u00e9ration.<\/p>\n<div class=\"divide20\"><\/div>\n<\/div>\n<div class=\"col-md-4  col-xs-12 service-4-meta servicex-box\"><img decoding=\"async\" class=\"img-responsive wow animated fadeInLeft animated\" style=\"visibility: visible; animation-name: fadeInLeft; -webkit-animation-name: fadeInLeft;\" src=\"http:\/\/tecnopol.net\/wp-content\/uploads\/2015\/07\/carac_vignette_1.jpg\" alt=\"mockup\" \/><\/p>\n<div class=\"divide20\"><\/div>\n<h3>GROUPES ELECTROGENES DE LOCATION<\/h3>\n<p>&nbsp;<\/p>\n<div class=\"divide20\"><\/div>\n<p>Nos groupes de location sont \u00e9quip\u00e9s selon les normes en vigueur pour exploitation dans les sites les plus restrictifs<\/p>\n<div class=\"divide20\"><\/div>\n<\/div>\n<div class=\"col-md-4  col-xs-12 service-4-meta servicex-box\"><img decoding=\"async\" class=\"img-responsive wow animated fadeInLeft animated\" style=\"visibility: visible; animation-name: fadeInLeft; -webkit-animation-name: fadeInLeft;\" src=\"http:\/\/tecnopol.net\/wp-content\/uploads\/2015\/07\/install_nuevo1.jpg\" alt=\"mockup\" \/><\/p>\n<div class=\"divide20\"><\/div>\n<h3>INSTALLATIONS NEUVES<\/h3>\n<p>&nbsp;<\/p>\n<div class=\"divide20\"><\/div>\n<p>Nous prenons en charge des projets allant du dimensionnement aux essais de mise en service.<\/p>\n<div class=\"divide20\"><\/div>\n<\/div>\n<div class=\"col-md-4  col-xs-12 service-4-meta servicex-box\"><img decoding=\"async\" class=\"img-responsive wow animated fadeInLeft animated\" style=\"visibility: visible; animation-name: fadeInLeft; -webkit-animation-name: fadeInLeft;\" src=\"http:\/\/tecnopol.net\/wp-content\/uploads\/2015\/07\/2a387b6e05-CJC-Billede2.jpg\" alt=\"mockup\" \/><\/p>\n<div class=\"divide20\"><\/div>\n<h3>NETTOYAGE DE LUBRIFIANTS<\/h3>\n<p>&nbsp;<\/p>\n<div class=\"divide20\"><\/div>\n<p>Pour faire face \u00e0 la probl\u00e9matique de pollution des lubrifiants dans les machines, nous vous proposons le nettoyage des huiles sur votre site \u00e0 l\u2019aide de nos filtres CJC portables. En adoptant ce service vous r\u00e9aliserez des \u00e9conomies substantielles tout en pr\u00e9servant l\u2019environnement par l\u2019espacement des vidanges d\u2019huiles<\/p>\n<div class=\"divide20\"><\/div>\n<\/div>\n<div class=\"col-md-4  col-xs-12 service-4-meta servicex-box\"><img decoding=\"async\" class=\"img-responsive wow animated fadeInLeft animated\" style=\"visibility: visible; animation-name: fadeInLeft; -webkit-animation-name: fadeInLeft;\" src=\"http:\/\/tecnopol.net\/wp-content\/uploads\/2015\/07\/PA271651.jpg\" alt=\"mockup\" \/><\/p>\n<div class=\"divide20\"><\/div>\n<h3>REPARATIONS NAVALES<\/h3>\n<p>&nbsp;<\/p>\n<div class=\"divide20\"><\/div>\n<p>Nos \u00e9quipes sont \u00e0 l\u2019aise pour intervenir et apporter des solutions rapides et appropri\u00e9es dans tous les compartiments du navire.<\/p>\n<div class=\"divide20\"><\/div>\n<\/div>\n<p><\/p>","protected":false},"excerpt":{"rendered":"<p>CONTRATS DE MAINTENANCE &nbsp; Pour la fiabilisation de votre alimentation en \u00e9nergie \u00e9lectrique, nous vous proposons un suivi rapproch\u00e9 et personnalis\u00e9 de vos groupes \u00e9lectrog\u00e8nes selon les recommandations de leurs constructeurs consolid\u00e9es par notre exp\u00e9rience du terrain. B\u00e9n\u00e9ficiez de notre service d\u2019astreinte disponible h24 7j\/7. DEPANNAGE &nbsp; Notre service d\u00e9pannage traitera toutes vos demandes d\u2019intervention &hellip; <a href=\"https:\/\/tecnopol.net\/fr\/services\/\" class=\"more-link\">Continuer la lecture de <span class=\"screen-reader-text\">Services<\/span>  <span class=\"meta-nav\">&rarr;<\/span><\/a><\/p>\n","protected":false},"author":1,"featured_media":0,"parent":0,"menu_order":0,"comment_status":"open","ping_status":"open","template":"page-templates\/Services.php","meta":{"footnotes":""},"class_list":["post-12","page","type-page","status-publish","hentry"],"_links":{"self":[{"href":"https:\/\/tecnopol.net\/fr\/wp-json\/wp\/v2\/pages\/12","targetHints":{"allow":["GET"]}}],"collection":[{"href":"https:\/\/tecnopol.net\/fr\/wp-json\/wp\/v2\/pages"}],"about":[{"href":"https:\/\/tecnopol.net\/fr\/wp-json\/wp\/v2\/types\/page"}],"author":[{"embeddable":true,"href":"https:\/\/tecnopol.net\/fr\/wp-json\/wp\/v2\/users\/1"}],"replies":[{"embeddable":true,"href":"https:\/\/tecnopol.net\/fr\/wp-json\/wp\/v2\/comments?post=12"}],"version-history":[{"count":11,"href":"https:\/\/tecnopol.net\/fr\/wp-json\/wp\/v2\/pages\/12\/revisions"}],"predecessor-version":[{"id":201,"href":"https:\/\/tecnopol.net\/fr\/wp-json\/wp\/v2\/pages\/12\/revisions\/201"}],"wp:attachment":[{"href":"https:\/\/tecnopol.net\/fr\/wp-json\/wp\/v2\/media?parent=12"}],"curies":[{"name":"wp","href":"https:\/\/api.w.org\/{rel}","templated":true}]}}